{"id":124,"date":"2018-09-20T03:03:19","date_gmt":"2018-09-20T01:03:19","guid":{"rendered":"http:\/\/local.noti-blipvert\/es\/?page_id=124"},"modified":"2025-02-06T12:21:18","modified_gmt":"2025-02-06T10:21:18","slug":"minis","status":"publish","type":"page","link":"https:\/\/www.minis.cat\/es\/","title":{"rendered":"minis"},"content":{"rendered":"<div class=\"banner minis-01 flex\">\r\n<div class=\"claim-mini fons-fosc a-esq\">\r\n<div class=\"h2\">minis<span><script> var f = new Date(); document.write(f.getFullYear()); <\/script><\/span><\/div>\r\n<h1>Los minipuntos limpios originales<\/h1>\r\n<\/div>\r\n<\/div>\r\n<div class=\"contenidor-img\">\r\n<img src=\"\/wp-content\/themes\/blipvert\/img\/minis\/minipuntolimpio-principal.jpg\" alt=\"\" \/>\r\n<\/div>\r\n<div class=\"banner minis-text flex\">\r\n<div class=\"claim-mini fons-clar centre\">\r\n<div class=\"h4\">Nuestra idea siempre ha sido crear un contenedor de recogida selectiva para peque\u00f1os residuos que se adapte completamente al espacio urbano. Un contenedor tan integrado que desaparezca en la experiencia vital de las calles. Y tan vers\u00e1til que permita reciclar hasta siete residuos diferentes y, al mismo tiempo, sirva como soporte de comunicaci\u00f3n exterior.  <br \/>Ahora, los <strong>minis<\/strong><script> var f = new Date(); document.write(f.getFullYear()); <\/script> hacen realidad esta idea. <\/div>\r\n<div class=\"h3\">BIENVENIDOS A LA ERA<br \/> DE LA RECOLOGIA<\/div>\r\n<\/div>\r\n<\/div>\r\n<div class=\"header-unit\">\r\n<div id=\"video-container\">\r\n<video autoplay loop class=\"fillWidth\">\r\n<source src=\"\/wp-content\/themes\/blipvert\/videos\/Minis-loop-llencar.mp4\" type=\"video\/mp4\"\/>\r\n<\/video>\r\n<\/div>\r\n<!-- end video-container -->\r\n<\/div>\r\n<div class=\"minis-vid1 minis-vid1-mobil flex\">\r\n<div class=\"claim-mini fons-fosc centrat-w-h centre\">\r\n<div class=\"h4\">Descubre los minipuntos limpios<\/div>\r\n<a href=\"\/\/www.youtube.com\/watch?v=w4rNsxNkuEk?autoplay=0&#038;showinfo=0&#038;controls=0&#038;rel=0\" data-lity>\r\n<img src=\"\/wp-content\/themes\/blipvert\/img\/boto-play1.svg\" width=\"52px\"\/>\r\n<\/a>\r\n<\/div>\r\n<\/div>\r\n<div class=\"banner minis-com-reci\">\r\n<div class=\"claim-mini fons-clar centre\">\r\n<div class=\"h2\">Reciclaje y Comunicaci\u00f3n<\/div>\r\n<div class=\"h4\">Doble funcionalidad en un palmo y medio.<\/div>\r\n<\/div>\r\n<img class=\"img-1024\" src=\"\/wp-content\/uploads\/minideixalleria-esquema-01.jpg\" alt=\"\" \/>\r\n<img class=\"img-768\" src=\"\/wp-content\/uploads\/minipuntolimpio-esquema-02.jpg\" alt=\"\" \/>\r\n<\/div>\r\n<div class=\"banner minis-3acabats flex\">\r\n<div class=\"claim-mini fons-fosc a-dreta\">\r\n<div class=\"h2\">Tres acabados para empezar<\/div>\r\n<div class=\"h4\">Grafito brillante, forja corten, y negro microtexturado.<\/div>\r\n<\/div>\r\n<\/div>\r\n<div class=\"contenidor-img-3acabats\">\r\n<img class=\"img-1024\" src=\"\/wp-content\/uploads\/3acabats-MINIS_ES.jpg\" alt=\"\" \/>\r\n<img class=\"img-768\" src=\"\/wp-content\/uploads\/3-acabats-MINIS-sobreposades_ES.jpg\" alt=\"\" \/>\r\n<\/div>\r\n<div class=\"banner minis-porta flex\">\r\n<div class=\"claim-mini fons-fosc centrat-w-h\">\r\n<div class=\"h2\">Calidad<\/div>\r\n<div class=\"h4\">Acabados de primera clase.<\/div>\r\n<\/div>\r\n<\/div>\r\n<div class=\"separador\"><\/div>\r\n<div class=\"header-unit\">\r\n<div id=\"video-container\">\r\n<video autoplay loop class=\"fillWidth\">\r\n<source src=\"\/wp-content\/themes\/blipvert\/videos\/Minis-loop-diposit.mp4\" type=\"video\/mp4\"\/>\r\n<\/video>\r\n<\/div>\r\n<!-- end video-container -->\r\n<\/div>\r\n<div class=\"banner minis-residus\" id=\"residuos\">\r\n<div class=\"claim-mini fons-clar\">\r\n<div class=\"h2\">La libertad de elegir<\/div>\r\n<div class=\"h4\">Recogida selectiva y reciclaje de muchos residuos diferentes. Escoge tus 7.<\/div>\r\n<\/div>\r\n<div class=\"contenidor\">\r\n<div class=\"botonet\"><a href=\"#\"><img src=\"\/wp-content\/themes\/blipvert\/img\/minis\/pil.jpg\" alt=\"\" \/><\/a><\/div>\r\n<div class=\"botonet\"><a href=\"#\"><img src=\"\/wp-content\/themes\/blipvert\/img\/minis\/bcled.jpg\" alt=\"\" \/><\/a><\/div>\r\n<div class=\"botonet\"><a href=\"#\"><img src=\"\/wp-content\/themes\/blipvert\/img\/minis\/raee.jpg\" alt=\"\" \/><\/a><\/div>\r\n<div class=\"botonet\"><a href=\"#\"><img src=\"\/wp-content\/themes\/blipvert\/img\/minis\/cd-d.jpg\" alt=\"\" \/><\/a><\/div>\r\n<div class=\"botonet\"><a href=\"#\"><img src=\"\/wp-content\/themes\/blipvert\/img\/minis\/car.jpg\" alt=\"\" \/><\/a><\/div>\r\n<div class=\"botonet\"><a href=\"#\"><img src=\"\/wp-content\/themes\/blipvert\/img\/minis\/tel.jpg\" alt=\"\" \/><\/a><\/div>\r\n<div class=\"botonet\"><a href=\"#\"><img src=\"\/wp-content\/themes\/blipvert\/img\/minis\/bom.jpg\" alt=\"\" \/><\/a><\/div>\r\n<div class=\"botonet\"><a href=\"#\"><img src=\"\/wp-content\/themes\/blipvert\/img\/minis\/tap.jpg\" alt=\"\" \/><\/a><\/div>\r\n<div class=\"botonet\"><a href=\"#\"><img src=\"\/wp-content\/themes\/blipvert\/img\/minis\/bat.jpg\" alt=\"\" \/><\/a><\/div>\r\n<div class=\"botonet\"><a href=\"#\"><img src=\"\/wp-content\/themes\/blipvert\/img\/minis\/spr.jpg\" alt=\"\" \/><\/a><\/div>\r\n<div class=\"botonet\"><a href=\"#\"><img src=\"\/wp-content\/themes\/blipvert\/img\/minis\/opt.jpg\" alt=\"\" \/><\/a><\/div>\r\n<div class=\"botonet\"><a href=\"#\"><img src=\"\/wp-content\/themes\/blipvert\/img\/minis\/vhs.jpg\" alt=\"\" \/><\/a><\/div>\r\n<div class=\"botonet\"><a href=\"#\"><img src=\"\/wp-content\/themes\/blipvert\/img\/minis\/bol.jpg\" alt=\"\" \/><\/a><\/div>\r\n<div class=\"botonet\"><a href=\"#\"><img src=\"\/wp-content\/themes\/blipvert\/img\/minis\/pil_b.jpg\" alt=\"\" \/><\/a><\/div>\r\n<div class=\"botonet\"><a href=\"#\"><img src=\"\/wp-content\/themes\/blipvert\/img\/minis\/dis.jpg\" alt=\"\" \/><\/a><\/div>\r\n<div class=\"botonet\"><a href=\"#\"><img src=\"\/wp-content\/themes\/blipvert\/img\/minis\/med.jpg\" alt=\"\" \/><\/a><\/div>\r\n<div class=\"botonet\"><a href=\"#\"><img src=\"\/wp-content\/themes\/blipvert\/img\/minis\/crg.jpg\" alt=\"\" \/><\/a><\/div>\r\n<div class=\"botonet\"><a href=\"#\"><img src=\"\/wp-content\/themes\/blipvert\/img\/minis\/tapl.jpg\" alt=\"\" \/><\/a><\/div>\r\n<div class=\"botonet\"><a href=\"#\"><img src=\"\/wp-content\/themes\/blipvert\/img\/minis\/jug.jpg\" alt=\"\" \/><\/a><\/div>\r\n<div class=\"botonet\"><a href=\"#\"><img src=\"\/wp-content\/themes\/blipvert\/img\/minis\/ptr-es.jpg\" alt=\"\" \/><\/a><\/div>\r\n<\/div>\r\n<\/div>\r\n<div class=\"banner minis-diposit flex\">\r\n<div class=\"claim-mini fons-fosc centrat-w-h\">\r\n<div class=\"h2\">Precisi\u00f3n<\/div>\r\n<div class=\"h4\">Cuidamos hasta el \u00faltimo detalle.<\/div>\r\n<p>Siete dep\u00f3sitos independientes para almacenar cada fracci\u00f3n por separado, facilitando as\u00ed la segregaci\u00f3n.<br \/> El operario realiza la recogida sin tocar en ning\u00fan momento el residuo a reciclar.<\/p>\r\n<\/div>\r\n<\/div>\r\n<div class=\"separador\"><\/div>\r\n<div class=\"banner minis-carrer flex\">\r\n<div class=\"claim-mini fons-fosc centrat-h\">\r\n<img src=\"\/wp-content\/themes\/blipvert\/img\/logo-minis_ple.png\" alt=\"\" \/>\r\n<div class=\"h2\">El minipunto limpio original<\/div>\r\n<div class=\"h4\">desde 2007<\/div>\r\n<\/div>\r\n<\/div>\r\n<div class=\"banner minis-text-carrer flex\">\r\n<div class=\"claim-mini fons-clar esq\">\r\n<div class=\"h4\">Los contenedores que se adaptan a los nuevos tiempos. As\u00ed son los nuevos <span style=\"font-weight: 600;\">minis<\/span><span style=\"font-weight: 300;\"><script> var f = new Date(); document.write(f.getFullYear()); <\/script><\/span>, que adem\u00e1s de ser fieles a su estilo original, incorporan las \u00faltimas mejoras para seguir siendo un referente del reciclaje en las calles.<\/div>\r\n<\/div>\r\n<\/div>\r\n<div class=\"banner minis-experiencia flex\">\r\n<div class=\"claim-mini fons-fosc centrat-w-h\">\r\n<div class=\"h2\">Experiencia<\/div>\r\n<div class=\"h4\">M\u00e1s de 15 a\u00f1os ofreciendo el<br\/> SERVICIO INTEGRAL DE RECICLAJE<br\/> en todo el pa\u00eds.<\/div>\r\n<\/div>\r\n<\/div>\r\n<div class=\"separador\"><\/div>\r\n<div class=\"banner minis-camaleo flex\">\r\n<div class=\"claim-mini fons-fosc centrat-w-h\">\r\n<div class=\"h2\">Integraci\u00f3n<\/div>\r\n<\/div>\r\n<\/div>\r\n<div class=\"banner minis-text-carrer flex banner-fosc\">\r\n<div class=\"claim-mini fons-fosc esq\">\r\n<div class=\"h4\">\u00bfQu\u00e9 hace perfecto a un contenedor urbano?<br \/> Su funcionalidad y, sobre todo, que no se vea. Con una gesti\u00f3n comunicativa eficiente, los residuos de las minis se vuelven invisibles.<\/div>\r\n<\/div>\r\n<\/div>\r\n<div class=\"separador\"><\/div>\r\n<div class=\"banner minis-colors flex\">\r\n<div class=\"claim-mini fons-fosc centrat-w-h\">\r\n<div class=\"h3\">ECOLOGIA EN <span style=\"color: #66c2cc;\">C<\/span><span style=\"color: #ee813c;\">O<\/span><span style=\"color: #dfdb00;\">L<\/span><span style=\"color: #bb90dd;\">O<\/span><span style=\"color: #fabb00;\">R<\/span><span style=\"color: #96c03a;\">E<\/span><span style=\"color: #3E80B0;\">S<\/span><\/div>\r\n<\/div>\r\n<\/div>\r\n<div class=\"banner banner-logo flex\">\r\n<div class=\"logogran fons-clar centrat-w-h\">\r\n<img src=\"\/wp-content\/themes\/blipvert\/img\/logo-minis.png\" width=\"150px\" alt=\"\" \/>\r\n<\/div>\r\n<\/div>\r\n<div class=\"banner minis-lones\">\r\n<img src=\"\/wp-content\/uploads\/minipuntolimpio-abierto.jpg\" alt=\"\" \/>\r\n<div class=\"claim-mini fons-clar centre\">\r\n<div class=\"h2\">Eficiencia<\/div>\r\n<div class=\"h4\">La fijaci\u00f3n de la carteler\u00eda es muy sencilla.<\/div>\r\n<\/div>\r\n<\/div>\r\n<div class=\"header-unit\">\r\n<div id=\"video-container\">\r\n<video autoplay loop class=\"fillWidth baix\">\r\n<source src=\"\/wp-content\/themes\/blipvert\/videos\/Minis-loop-canvi-lones.mp4\" type=\"video\/mp4\"\/>\r\n<\/video>\r\n<\/div>\r\n<!-- end video-container -->\r\n<\/div>\r\n<div class=\"separador\"><\/div>\r\n<div class=\"banner modulus-text flex\">\r\n<div class=\"claim-mini fons-fosc\">\r\n<div class=\"h2\">Controla todo con un solo clic<\/div>\r\n<div class=\"h4\">Con nuestra aplicaci\u00f3n para usuarios, ahora puedes controlar on-line tus minipuntos limpios desde cualquier dispositivo.<\/div>\r\n<div class=\"mes-info\">\r\n<a href=\"https:\/\/usuaris.minis.cat\" class=\"cta-info\">Entrar ><\/a>\r\n<\/div>\r\n<img src=\"\/wp-content\/uploads\/e_blipvert-logo.png\" width=\"250px\"\/>\r\n<\/div>\r\n<\/div>\r\n<div class=\"separador\"><\/div>\r\n<div class=\"banner minis-bolso flex\">\r\n<div class=\"claim-mini fons-fosc centrat-w-h\">\r\n<div class=\"h2\">Reutilizaci\u00f3n<\/div>\r\n<div class=\"h4\">Carteles impresos en canvas 100% org\u00e1nico.<\/div>\r\n<div class=\"mes-info\">\r\n<a href=\"\/es\/bolsos\" class=\"cta-info\">Saber m\u00e1s ><\/a>\r\n<\/div>\r\n<\/div>\r\n<\/div>\r\n<div class=\"separador minis-vid1-desck\"><\/div>\r\n<div class=\"minis-vid1 minis-vid1-desck flex\">\r\n<div class=\"claim-mini fons-fosc centrat-w-h centre\">\r\n<div class=\"h4\">Descubre los minipuntos limpios<\/div>\r\n<a href=\"\/\/www.youtube.com\/watch?v=w4rNsxNkuEk?autoplay=0&#038;showinfo=0&#038;controls=0&#038;rel=0\" data-lity>\r\n<img src=\"\/wp-content\/themes\/blipvert\/img\/boto-play1.svg\" width=\"52px\"\/>\r\n<\/a>\r\n<\/div>\r\n<\/div>\r\n<div class=\"banner minis-personal\">\r\n<div class=\"claim-mini fons-clar centrat\">\r\n<div class=\"h2\">Personalizaci\u00f3n<\/div>\r\n<div class=\"h4\">Cabezal serigrafiado en color plata.<\/div>\r\n<\/div>\r\n<img src=\"\/wp-content\/uploads\/personalitzacio-capcal.jpg\" alt=\"\" \/>\r\n<div class=\"claim-mini sota fons-clar centrat\">\r\n<div class=\"h4\">Triple caracterizaci\u00f3n del minipunto limpio que incluye el cabezal serigrafiado por las dos caras, las bocas de entrada de residuos, y los carteles iniciales laminados.<\/div>\r\n<\/div>\r\n<\/div>\r\n<div class=\"separador\"><\/div>\r\n<div class=\"banner minis-enviament flex\">\r\n<div class=\"claim-mini fons-fosc centrat-w\">\r\n<div class=\"h2\">we export<\/div>\r\n<div class=\"h4\">Enviamos a todo el mundo.<\/div>\r\n<\/div>\r\n<\/div>\r\n<div class=\"separador\"><\/div>\r\n<div class=\"banner minis-patent flex wrap\">\r\n<div class=\"img-patent\">\r\n<img src=\"\/wp-content\/uploads\/minideixalleria-patent.jpg\" alt=\"\" \/>\r\n<\/div>\r\n<div class=\"claim-mini fons-clar dret\">\r\n<div class=\"logo-patent\">\r\n<img src=\"\/wp-content\/themes\/blipvert\/img\/logo-minis.png\" width=\"90px\" alt=\"\" \/>\r\n<\/div>\r\n<p>Marca y dise\u00f1o registrados en la European Union Intellectual Property Office y en la European Patent Office.<\/p>\r\n<div class=\"logo-patent\">\r\n<img src=\"\/wp-content\/themes\/blipvert\/img\/logo-euipo.jpg\" width=\"190px\" alt=\"\" \/>\r\n<\/div>\r\n<div class=\"logo-patent\">\r\n<img src=\"\/wp-content\/themes\/blipvert\/img\/logo-epo.jpg\" width=\"140px\" alt=\"\" \/>\r\n<\/div>\r\n<\/div>\r\n<\/div>","protected":false},"excerpt":{"rendered":"<p>minis Los minipuntos limpios originales Nuestra idea siempre ha sido crear un contenedor de recogida selectiva para peque\u00f1os residuos que se adapte completamente al espacio urbano. Un contenedor tan integrado que desaparezca en la experiencia [&hellip;]<\/p>\n","protected":false},"author":1,"featured_media":0,"parent":0,"menu_order":0,"comment_status":"closed","ping_status":"closed","template":"template-minis.php","meta":[],"_links":{"self":[{"href":"https:\/\/www.minis.cat\/es\/wp-json\/wp\/v2\/pages\/124"}],"collection":[{"href":"https:\/\/www.minis.cat\/es\/wp-json\/wp\/v2\/pages"}],"about":[{"href":"https:\/\/www.minis.cat\/es\/wp-json\/wp\/v2\/types\/page"}],"author":[{"embeddable":true,"href":"https:\/\/www.minis.cat\/es\/wp-json\/wp\/v2\/users\/1"}],"replies":[{"embeddable":true,"href":"https:\/\/www.minis.cat\/es\/wp-json\/wp\/v2\/comments?post=124"}],"version-history":[{"count":31,"href":"https:\/\/www.minis.cat\/es\/wp-json\/wp\/v2\/pages\/124\/revisions"}],"predecessor-version":[{"id":543,"href":"https:\/\/www.minis.cat\/es\/wp-json\/wp\/v2\/pages\/124\/revisions\/543"}],"wp:attachment":[{"href":"https:\/\/www.minis.cat\/es\/wp-json\/wp\/v2\/media?parent=124"}],"curies":[{"name":"wp","href":"https:\/\/api.w.org\/{rel}","templated":true}]}}